{"id":1349,"date":"2023-04-16T00:07:15","date_gmt":"2023-04-16T00:07:15","guid":{"rendered":"https:\/\/crit-air-eco-france.com\/?page_id=1349"},"modified":"2024-07-06T20:15:49","modified_gmt":"2024-07-06T20:15:49","slug":"accueil-de","status":"publish","type":"page","link":"https:\/\/crit-air-eco-france.com\/de\/","title":{"rendered":"Accueil de"},"content":{"rendered":"<div data-elementor-type=\"wp-page\" data-elementor-id=\"1349\" class=\"elementor elementor-1349\">\n\t\t\t\t\t\t<section class=\"elementor-section elementor-top-section elementor-element elementor-element-18e50a76 elementor-section-boxed elementor-section-height-default elementor-section-height-default\" data-id=\"18e50a76\" data-element_type=\"section\">\n\t\t\t\t\t\t<div class=\"elementor-container elementor-column-gap-default\">\n\t\t\t\t\t<div class=\"elementor-column elementor-col-50 elementor-top-column elementor-element elementor-element-3eea961b\" data-id=\"3eea961b\" data-element_type=\"column\">\n\t\t\t<div class=\"elementor-widget-wrap elementor-element-populated\">\n\t\t\t\t\t\t<div class=\"elementor-element elementor-element-184f03d0 elementor-widget__width-initial de_scroll_animation_no elementor-invisible elementor-widget elementor-widget-heading\" data-id=\"184f03d0\" data-element_type=\"widget\" data-settings=\"{&quot;_animation&quot;:&quot;slideInUp&quot;,&quot;_animation_delay&quot;:300}\" data-widget_type=\"heading.default\">\n\t\t\t\t<div class=\"elementor-widget-container\">\n\t\t\t<h2 class=\"elementor-heading-title elementor-size-default\">UMWELTPLAKETTE FRANKREICH CRIT'AIR<\/h2>\t\t<\/div>\n\t\t\t\t<\/div>\n\t\t\t\t<div class=\"elementor-element elementor-element-29263a elementor-widget__width-auto elementor-mobile-align-center elementor-widget-mobile__width-inherit animated-fast de_scroll_animation_no elementor-invisible elementor-widget elementor-widget-button\" data-id=\"29263a\" data-element_type=\"widget\" data-settings=\"{&quot;_animation&quot;:&quot;slideInUp&quot;,&quot;_animation_delay&quot;:600}\" data-widget_type=\"button.default\">\n\t\t\t\t<div class=\"elementor-widget-container\">\n\t\t\t\t\t<div class=\"elementor-button-wrapper\">\n\t\t\t<a class=\"elementor-button elementor-button-link elementor-size-md elementor-animation-float\" href=\"https:\/\/crit-air-eco-france.com\/de\/produit\/anti-schadstoffplakette-fur-auslandische-fahrzeuge\/\">\n\t\t\t\t\t\t<span class=\"elementor-button-content-wrapper\">\n\t\t\t\t\t\t\t\t\t<span class=\"elementor-button-text\">UMWELTPLAKETTE BESTELLEN<\/span>\n\t\t\t\t\t<\/span>\n\t\t\t\t\t<\/a>\n\t\t<\/div>\n\t\t\t\t<\/div>\n\t\t\t\t<\/div>\n\t\t\t\t\t<\/div>\n\t\t<\/div>\n\t\t\t\t<div class=\"elementor-column elementor-col-50 elementor-top-column elementor-element elementor-element-5ff2dba9\" data-id=\"5ff2dba9\" data-element_type=\"column\">\n\t\t\t<div class=\"elementor-widget-wrap elementor-element-populated\">\n\t\t\t\t\t\t<div class=\"elementor-element elementor-element-630dd053 de_scroll_animation_no elementor-invisible elementor-widget elementor-widget-image\" data-id=\"630dd053\" data-element_type=\"widget\" data-settings=\"{&quot;_animation&quot;:&quot;slideInRight&quot;}\" data-widget_type=\"image.default\">\n\t\t\t\t<div class=\"elementor-widget-container\">\n\t\t\t\t\t\t\t\t\t\t\t\t\t<img fetchpriority=\"high\" decoding=\"async\" width=\"870\" height=\"580\" src=\"https:\/\/crit-air-eco-france.com\/wp-content\/uploads\/2023\/04\/voiture-vignette-critair-e1681857318669.jpg\" class=\"attachment-full size-full wp-image-1388\" alt=\"\" srcset=\"https:\/\/crit-air-eco-france.com\/wp-content\/uploads\/2023\/04\/voiture-vignette-critair-e1681857318669.jpg 870w, https:\/\/crit-air-eco-france.com\/wp-content\/uploads\/2023\/04\/voiture-vignette-critair-e1681857318669-600x400.jpg 600w, https:\/\/crit-air-eco-france.com\/wp-content\/uploads\/2023\/04\/voiture-vignette-critair-e1681857318669-300x200.jpg 300w, https:\/\/crit-air-eco-france.com\/wp-content\/uploads\/2023\/04\/voiture-vignette-critair-e1681857318669-768x512.jpg 768w, https:\/\/crit-air-eco-france.com\/wp-content\/uploads\/2023\/04\/voiture-vignette-critair-e1681857318669-18x12.jpg 18w\" sizes=\"(max-width: 870px) 100vw, 870px\" \/>\t\t\t\t\t\t\t\t\t\t\t\t\t<\/div>\n\t\t\t\t<\/div>\n\t\t\t\t\t<\/div>\n\t\t<\/div>\n\t\t\t\t\t<\/div>\n\t\t<\/section>\n\t\t\t\t<section class=\"elementor-section elementor-top-section elementor-element elementor-element-3f0bcc6 elementor-section-boxed elementor-section-height-default elementor-section-height-default\" data-id=\"3f0bcc6\" data-element_type=\"section\">\n\t\t\t\t\t\t<div class=\"elementor-container elementor-column-gap-wider\">\n\t\t\t\t\t<div class=\"elementor-column elementor-col-33 elementor-top-column elementor-element elementor-element-465e25e\" data-id=\"465e25e\" data-element_type=\"column\">\n\t\t\t<div class=\"elementor-widget-wrap elementor-element-populated\">\n\t\t\t\t\t\t<div class=\"elementor-element elementor-element-0df32ee de_scroll_animation_no elementor-invisible elementor-widget elementor-widget-heading\" data-id=\"0df32ee\" data-element_type=\"widget\" data-settings=\"{&quot;_animation&quot;:&quot;fadeInLeft&quot;,&quot;_animation_delay&quot;:&quot;200&quot;}\" data-widget_type=\"heading.default\">\n\t\t\t\t<div class=\"elementor-widget-container\">\n\t\t\t<h2 class=\"elementor-heading-title elementor-size-default\">UMWELTPLAKETTE FRANKREICH\n<\/h2>\t\t<\/div>\n\t\t\t\t<\/div>\n\t\t\t\t<div class=\"elementor-element elementor-element-4a1d240 de_scroll_animation_no elementor-widget elementor-widget-text-editor\" data-id=\"4a1d240\" data-element_type=\"widget\" data-widget_type=\"text-editor.default\">\n\t\t\t\t<div class=\"elementor-widget-container\">\n\t\t\t\t\t\t\tFrankreich hat es anderen europ\u00e4ischen L\u00e4ndern gleichgetan und Umweltplaketten f\u00fcr Stra\u00dfenfahrzeuge eingef\u00fchrt. Eine Umweltplakette oder eine Feinstaubplakette, \u00ab\u00a0<strong>Crit&rsquo;Air<\/strong>\u00ab , ist eine Plakette\/ein Aufkleber, die oder den man wie eine Vignette an die Windschutzscheibe seines Fahrzeugs klebt. Sie k\u00f6nnen die Feinstaubplakette online bestellen. Sobald die Plakette an Ihrem Auto\u00a0 klebt, ist klar erkennbar, zu welcher Kategorie Ihr Auto z\u00e4hlt.\n\t\t\t\t\t\t<\/div>\n\t\t\t\t<\/div>\n\t\t\t\t\t<\/div>\n\t\t<\/div>\n\t\t\t\t<div class=\"elementor-column elementor-col-33 elementor-top-column elementor-element elementor-element-f2d0bf6\" data-id=\"f2d0bf6\" data-element_type=\"column\">\n\t\t\t<div class=\"elementor-widget-wrap\">\n\t\t\t\t\t\t\t<\/div>\n\t\t<\/div>\n\t\t\t\t<div class=\"elementor-column elementor-col-33 elementor-top-column elementor-element elementor-element-e0c580b\" data-id=\"e0c580b\" data-element_type=\"column\">\n\t\t\t<div class=\"elementor-widget-wrap elementor-element-populated\">\n\t\t\t\t\t\t<div class=\"elementor-element elementor-element-86cdad2 de_scroll_animation_no elementor-widget elementor-widget-image\" data-id=\"86cdad2\" data-element_type=\"widget\" data-widget_type=\"image.default\">\n\t\t\t\t<div class=\"elementor-widget-container\">\n\t\t\t\t\t\t\t\t\t\t\t\t\t<img decoding=\"async\" width=\"1519\" height=\"1081\" src=\"https:\/\/crit-air-eco-france.com\/wp-content\/uploads\/2023\/04\/certif-vignette.jpeg\" class=\"attachment-full size-full wp-image-1297\" alt=\"\" srcset=\"https:\/\/crit-air-eco-france.com\/wp-content\/uploads\/2023\/04\/certif-vignette.jpeg 1519w, https:\/\/crit-air-eco-france.com\/wp-content\/uploads\/2023\/04\/certif-vignette-600x427.jpeg 600w, https:\/\/crit-air-eco-france.com\/wp-content\/uploads\/2023\/04\/certif-vignette-300x213.jpeg 300w, https:\/\/crit-air-eco-france.com\/wp-content\/uploads\/2023\/04\/certif-vignette-1024x729.jpeg 1024w, https:\/\/crit-air-eco-france.com\/wp-content\/uploads\/2023\/04\/certif-vignette-768x547.jpeg 768w, https:\/\/crit-air-eco-france.com\/wp-content\/uploads\/2023\/04\/certif-vignette-18x12.jpeg 18w\" sizes=\"(max-width: 1519px) 100vw, 1519px\" \/>\t\t\t\t\t\t\t\t\t\t\t\t\t<\/div>\n\t\t\t\t<\/div>\n\t\t\t\t\t<\/div>\n\t\t<\/div>\n\t\t\t\t\t<\/div>\n\t\t<\/section>\n\t\t\t\t<section class=\"elementor-section elementor-top-section elementor-element elementor-element-f329764 elementor-section-boxed elementor-section-height-default elementor-section-height-default\" data-id=\"f329764\" data-element_type=\"section\" data-settings=\"{&quot;background_background&quot;:&quot;classic&quot;}\">\n\t\t\t\t\t\t<div class=\"elementor-container elementor-column-gap-default\">\n\t\t\t\t\t<div class=\"elementor-column elementor-col-100 elementor-top-column elementor-element elementor-element-2ad26a56\" data-id=\"2ad26a56\" data-element_type=\"column\">\n\t\t\t<div class=\"elementor-widget-wrap elementor-element-populated\">\n\t\t\t\t\t\t<div class=\"elementor-element elementor-element-a742870 de_scroll_animation_no elementor-widget elementor-widget-heading\" data-id=\"a742870\" data-element_type=\"widget\" data-widget_type=\"heading.default\">\n\t\t\t\t<div class=\"elementor-widget-container\">\n\t\t\t<h2 class=\"elementor-heading-title elementor-size-default\">Welche Schritte m\u00fcssen unternommen werden, um sie zu erhalten?<\/h2>\t\t<\/div>\n\t\t\t\t<\/div>\n\t\t\t\t<div class=\"elementor-element elementor-element-1c51301 de_scroll_animation_no elementor-widget elementor-widget-text-editor\" data-id=\"1c51301\" data-element_type=\"widget\" data-widget_type=\"text-editor.default\">\n\t\t\t\t<div class=\"elementor-widget-container\">\n\t\t\t\t\t\t\t<p>Bestellen Sie Ihren Umweltplakette Frankreich Crit&rsquo;Air mit nur wenigen Klicks.<\/p>\t\t\t\t\t\t<\/div>\n\t\t\t\t<\/div>\n\t\t\t\t<div class=\"elementor-element elementor-element-1072cd1 elementor-align-center elementor-mobile-align-center de_scroll_animation_no elementor-widget elementor-widget-button\" data-id=\"1072cd1\" data-element_type=\"widget\" data-widget_type=\"button.default\">\n\t\t\t\t<div class=\"elementor-widget-container\">\n\t\t\t\t\t<div class=\"elementor-button-wrapper\">\n\t\t\t<a class=\"elementor-button elementor-button-link elementor-size-lg elementor-animation-float\" href=\"https:\/\/crit-air-eco-france.com\/de\/produit\/anti-schadstoffplakette-fur-auslandische-fahrzeuge\/\">\n\t\t\t\t\t\t<span class=\"elementor-button-content-wrapper\">\n\t\t\t\t\t\t\t\t\t<span class=\"elementor-button-text\">Anti-Schadstoffplakette f\u00fcr ausl\u00e4ndische Fahrzeuge<\/span>\n\t\t\t\t\t<\/span>\n\t\t\t\t\t<\/a>\n\t\t<\/div>\n\t\t\t\t<\/div>\n\t\t\t\t<\/div>\n\t\t\t\t\t<\/div>\n\t\t<\/div>\n\t\t\t\t\t<\/div>\n\t\t<\/section>\n\t\t\t\t<\/div>","protected":false},"excerpt":{"rendered":"<p>UMWELTPLAKETTE FRANKREICH CRIT&rsquo;AIR UMWELTPLAKETTE BESTELLEN UMWELTPLAKETTE FRANKREICH Frankreich hat es anderen europ\u00e4ischen L\u00e4ndern gleichgetan und Umweltplaketten f\u00fcr Stra\u00dfenfahrzeuge eingef\u00fchrt. Eine Umweltplakette oder eine Feinstaubplakette, \u00ab\u00a0Crit&rsquo;Air\u00ab , ist eine Plakette\/ein Aufkleber, die oder den man wie eine Vignette an die Windschutzscheibe seines Fahrzeugs klebt. Sie k\u00f6nnen die Feinstaubplakette online bestellen. Sobald die Plakette an Ihrem Auto\u00a0 [&hellip;]<\/p>","protected":false},"author":1,"featured_media":0,"parent":0,"menu_order":0,"comment_status":"closed","ping_status":"closed","template":"","meta":[],"yoast_head":"<!-- This site is optimized with the Yoast SEO plugin v20.9 - https:\/\/yoast.com\/wordpress\/plugins\/seo\/ -->\n<title>UMWELTPLAKETTE FRANKREICH CRIT&#039;AIR<\/title>\n<meta name=\"description\" content=\"Bestellen Sie Ihren Umweltplakette Frankreich Crit\u2019Air mit nur wenigen Klicks.\" \/>\n<meta name=\"robots\" content=\"index, follow, max-snippet:-1, max-image-preview:large, max-video-preview:-1\" \/>\n<link rel=\"canonical\" href=\"https:\/\/crit-air-eco-france.com\/de\/\" \/>\n<meta property=\"og:locale\" content=\"de_DE\" \/>\n<meta property=\"og:type\" content=\"article\" \/>\n<meta property=\"og:title\" content=\"UMWELTPLAKETTE FRANKREICH CRIT&#039;AIR\" \/>\n<meta property=\"og:description\" content=\"Bestellen Sie Ihren Umweltplakette Frankreich Crit\u2019Air mit nur wenigen Klicks.\" \/>\n<meta property=\"og:url\" content=\"https:\/\/crit-air-eco-france.com\/de\/\" \/>\n<meta property=\"og:site_name\" content=\"Vignette Crit&#039;Air France\" \/>\n<meta property=\"article:modified_time\" content=\"2024-07-06T20:15:49+00:00\" \/>\n<meta property=\"og:image\" content=\"http:\/\/crit-air-eco-france.com\/wp-content\/uploads\/2023\/04\/voiture-vignette-critair-e1681857318669.jpg\" \/>\n<meta name=\"twitter:card\" content=\"summary_large_image\" \/>\n<meta name=\"twitter:label1\" content=\"Gesch\u00e4tzte Lesezeit\" \/>\n\t<meta name=\"twitter:data1\" content=\"1\u00a0Minute\" \/>\n<script type=\"application\/ld+json\" class=\"yoast-schema-graph\">{\"@context\":\"https:\/\/schema.org\",\"@graph\":[{\"@type\":\"WebPage\",\"@id\":\"https:\/\/crit-air-eco-france.com\/de\/\",\"url\":\"https:\/\/crit-air-eco-france.com\/de\/\",\"name\":\"UMWELTPLAKETTE FRANKREICH CRIT'AIR\",\"isPartOf\":{\"@id\":\"https:\/\/crit-air-eco-france.com\/de\/#website\"},\"datePublished\":\"2023-04-16T00:07:15+00:00\",\"dateModified\":\"2024-07-06T20:15:49+00:00\",\"description\":\"Bestellen Sie Ihren Umweltplakette Frankreich Crit\u2019Air mit nur wenigen Klicks.\",\"breadcrumb\":{\"@id\":\"https:\/\/crit-air-eco-france.com\/de\/#breadcrumb\"},\"inLanguage\":\"de\",\"potentialAction\":[{\"@type\":\"ReadAction\",\"target\":[\"https:\/\/crit-air-eco-france.com\/de\/\"]}]},{\"@type\":\"BreadcrumbList\",\"@id\":\"https:\/\/crit-air-eco-france.com\/de\/#breadcrumb\",\"itemListElement\":[{\"@type\":\"ListItem\",\"position\":1,\"name\":\"Accueil\",\"item\":\"https:\/\/crit-air-eco-france.com\/de\/\"},{\"@type\":\"ListItem\",\"position\":2,\"name\":\"Accueil\"}]},{\"@type\":\"WebSite\",\"@id\":\"https:\/\/crit-air-eco-france.com\/de\/#website\",\"url\":\"https:\/\/crit-air-eco-france.com\/de\/\",\"name\":\"Vignette Crit&#039;Air France\",\"description\":\"France\",\"potentialAction\":[{\"@type\":\"SearchAction\",\"target\":{\"@type\":\"EntryPoint\",\"urlTemplate\":\"https:\/\/crit-air-eco-france.com\/de\/?s={search_term_string}\"},\"query-input\":\"required name=search_term_string\"}],\"inLanguage\":\"de\"}]}<\/script>\n<!-- \/ Yoast SEO plugin. -->","yoast_head_json":{"title":"UMWELTPLAKETTE FRANKREICH CRIT'AIR","description":"Bestellen Sie Ihren Umweltplakette Frankreich Crit\u2019Air mit nur wenigen Klicks.","robots":{"index":"index","follow":"follow","max-snippet":"max-snippet:-1","max-image-preview":"max-image-preview:large","max-video-preview":"max-video-preview:-1"},"canonical":"https:\/\/crit-air-eco-france.com\/de\/","og_locale":"de_DE","og_type":"article","og_title":"UMWELTPLAKETTE FRANKREICH CRIT'AIR","og_description":"Bestellen Sie Ihren Umweltplakette Frankreich Crit\u2019Air mit nur wenigen Klicks.","og_url":"https:\/\/crit-air-eco-france.com\/de\/","og_site_name":"Vignette Crit&#039;Air France","article_modified_time":"2024-07-06T20:15:49+00:00","og_image":[{"url":"http:\/\/crit-air-eco-france.com\/wp-content\/uploads\/2023\/04\/voiture-vignette-critair-e1681857318669.jpg"}],"twitter_card":"summary_large_image","twitter_misc":{"Gesch\u00e4tzte Lesezeit":"1\u00a0Minute"},"schema":{"@context":"https:\/\/schema.org","@graph":[{"@type":"WebPage","@id":"https:\/\/crit-air-eco-france.com\/de\/","url":"https:\/\/crit-air-eco-france.com\/de\/","name":"UMWELTPLAKETTE FRANKREICH CRIT'AIR","isPartOf":{"@id":"https:\/\/crit-air-eco-france.com\/de\/#website"},"datePublished":"2023-04-16T00:07:15+00:00","dateModified":"2024-07-06T20:15:49+00:00","description":"Bestellen Sie Ihren Umweltplakette Frankreich Crit\u2019Air mit nur wenigen Klicks.","breadcrumb":{"@id":"https:\/\/crit-air-eco-france.com\/de\/#breadcrumb"},"inLanguage":"de","potentialAction":[{"@type":"ReadAction","target":["https:\/\/crit-air-eco-france.com\/de\/"]}]},{"@type":"BreadcrumbList","@id":"https:\/\/crit-air-eco-france.com\/de\/#breadcrumb","itemListElement":[{"@type":"ListItem","position":1,"name":"Accueil","item":"https:\/\/crit-air-eco-france.com\/de\/"},{"@type":"ListItem","position":2,"name":"Accueil"}]},{"@type":"WebSite","@id":"https:\/\/crit-air-eco-france.com\/de\/#website","url":"https:\/\/crit-air-eco-france.com\/de\/","name":"Vignette Crit&#039;Air France","description":"France","potentialAction":[{"@type":"SearchAction","target":{"@type":"EntryPoint","urlTemplate":"https:\/\/crit-air-eco-france.com\/de\/?s={search_term_string}"},"query-input":"required name=search_term_string"}],"inLanguage":"de"}]}},"_links":{"self":[{"href":"https:\/\/crit-air-eco-france.com\/de\/wp-json\/wp\/v2\/pages\/1349"}],"collection":[{"href":"https:\/\/crit-air-eco-france.com\/de\/wp-json\/wp\/v2\/pages"}],"about":[{"href":"https:\/\/crit-air-eco-france.com\/de\/wp-json\/wp\/v2\/types\/page"}],"author":[{"embeddable":true,"href":"https:\/\/crit-air-eco-france.com\/de\/wp-json\/wp\/v2\/users\/1"}],"replies":[{"embeddable":true,"href":"https:\/\/crit-air-eco-france.com\/de\/wp-json\/wp\/v2\/comments?post=1349"}],"version-history":[{"count":6,"href":"https:\/\/crit-air-eco-france.com\/de\/wp-json\/wp\/v2\/pages\/1349\/revisions"}],"predecessor-version":[{"id":3275,"href":"https:\/\/crit-air-eco-france.com\/de\/wp-json\/wp\/v2\/pages\/1349\/revisions\/3275"}],"wp:attachment":[{"href":"https:\/\/crit-air-eco-france.com\/de\/wp-json\/wp\/v2\/media?parent=1349"}],"curies":[{"name":"wp","href":"https:\/\/api.w.org\/{rel}","templated":true}]}}